{"id":10,"date":"2025-11-12T11:12:03","date_gmt":"2025-11-12T11:12:03","guid":{"rendered":"https:\/\/kalaxkadenda.rkinformatika.online\/?page_id=10"},"modified":"2025-11-19T14:59:49","modified_gmt":"2025-11-19T14:59:49","slug":"hasiera","status":"publish","type":"page","link":"https:\/\/kalaxkadenda.com\/es\/","title":{"rendered":"Inicio"},"content":{"rendered":"<div data-elementor-type=\"wp-page\" data-elementor-id=\"10\" class=\"elementor elementor-10\" data-elementor-post-type=\"page\">\n\t\t\t\t<div class=\"elementor-element elementor-element-330fec5 e-con-full e-flex e-con e-parent\" data-id=\"330fec5\" data-element_type=\"container\" data-e-type=\"container\" data-settings=\"{&quot;background_background&quot;:&quot;classic&quot;,&quot;animation&quot;:&quot;none&quot;}\">\n\t\t\t\t<div class=\"elementor-element elementor-element-69a86e8 elementor-widget elementor-widget-heading\" data-id=\"69a86e8\" data-element_type=\"widget\" data-e-type=\"widget\" data-widget_type=\"heading.default\">\n\t\t\t\t\t<h2 class=\"elementor-heading-title elementor-size-default\">Tu mundo de chucher\u00edas, juguetes y felicidad.<\/h2>\t\t\t\t<\/div>\n\t\t\t\t<\/div>\n\t\t<div class=\"elementor-element elementor-element-ebc371c e-flex e-con-boxed e-con e-parent\" data-id=\"ebc371c\" data-element_type=\"container\" data-e-type=\"container\">\n\t\t\t\t\t<div class=\"e-con-inner\">\n\t\t<div class=\"elementor-element elementor-element-12b5841 e-con-full e-flex elementor-invisible e-con e-child\" data-id=\"12b5841\" data-element_type=\"container\" data-e-type=\"container\" data-settings=\"{&quot;animation&quot;:&quot;fadeInLeft&quot;}\">\n\t\t\t\t<div class=\"elementor-element elementor-element-ee84e42 elementor-widget elementor-widget-heading\" data-id=\"ee84e42\" data-element_type=\"widget\" data-e-type=\"widget\" data-widget_type=\"heading.default\">\n\t\t\t\t\t<h2 class=\"elementor-heading-title elementor-size-default\">Sobre nosotros<\/h2>\t\t\t\t<\/div>\n\t\t\t\t<div class=\"elementor-element elementor-element-ae7cbaa elementor-widget elementor-widget-text-editor\" data-id=\"ae7cbaa\" data-element_type=\"widget\" data-e-type=\"widget\" data-widget_type=\"text-editor.default\">\n\t\t\t\t\t\t\t\t\t<p>En la Tienda de Dulces, llevamos dos a\u00f1os alegrando los corazones con una mezcla insoportable de dulzura y diversi\u00f3n. Somos una tienda de juguetes y gominolas en la que tanto ni\u00f1os como adultos pueden volver a disfrutar de la magia de la sencillez.<\/p><p>Nos encanta ofrecer los mejores productos de chucher\u00edas, bebidas y juguetes, siempre elegidos con cari\u00f1o, para garantizar calidad y variedad. Cada visita a nuestra tienda es una peque\u00f1a aventura llena de color, sabor y sonrisas.<\/p>\t\t\t\t\t\t\t\t<\/div>\n\t\t\t\t<\/div>\n\t\t<div class=\"elementor-element elementor-element-e450d74 e-con-full e-flex elementor-invisible e-con e-child\" data-id=\"e450d74\" data-element_type=\"container\" data-e-type=\"container\" data-settings=\"{&quot;animation&quot;:&quot;fadeInRight&quot;}\">\n\t\t\t\t<div class=\"elementor-element elementor-element-95482fb elementor-widget elementor-widget-image\" data-id=\"95482fb\" data-element_type=\"widget\" data-e-type=\"widget\" data-widget_type=\"image.default\">\n\t\t\t\t\t\t\t\t\t\t\t\t\t\t\t<img decoding=\"async\" src=\"https:\/\/kalaxkadenda.com\/wp-content\/uploads\/elementor\/thumbs\/5-reoxijj77yoho2ul7jw8z84su63q1dea0jo6nc5mb4.png\" title=\"5\" alt=\"5\" loading=\"lazy\" \/>\t\t\t\t\t\t\t\t\t\t\t\t\t\t\t<\/div>\n\t\t\t\t<\/div>\n\t\t\t\t\t<\/div>\n\t\t\t\t<\/div>\n\t\t\t\t<section class=\"elementor-section elementor-top-section elementor-element elementor-element-ff9a8c9 elementor-section-boxed elementor-section-height-default elementor-section-height-default\" data-id=\"ff9a8c9\" data-element_type=\"section\" data-e-type=\"section\" data-settings=\"{&quot;background_background&quot;:&quot;classic&quot;}\">\n\t\t\t\t\t\t\t<div class=\"elementor-background-overlay\"><\/div>\n\t\t\t\t\t\t\t<div class=\"elementor-container elementor-column-gap-default\">\n\t\t\t\t\t<div class=\"elementor-column elementor-col-100 elementor-top-column elementor-element elementor-element-55c1cc4\" data-id=\"55c1cc4\" data-element_type=\"column\" data-e-type=\"column\">\n\t\t\t<div class=\"elementor-widget-wrap elementor-element-populated\">\n\t\t\t\t\t\t<div class=\"elementor-element elementor-element-d9abbae elementor-widget elementor-widget-heading\" data-id=\"d9abbae\" data-element_type=\"widget\" data-e-type=\"widget\" data-widget_type=\"heading.default\">\n\t\t\t\t\t<h2 class=\"elementor-heading-title elementor-size-default\">Los momentos felices se construyen con peque\u00f1os detalles<\/h2>\t\t\t\t<\/div>\n\t\t\t\t<div class=\"elementor-element elementor-element-0717c91 elementor-widget elementor-widget-text-editor\" data-id=\"0717c91\" data-element_type=\"widget\" data-e-type=\"widget\" data-widget_type=\"text-editor.default\">\n\t\t\t\t\t\t\t\t\t<p data-start=\"492\" data-end=\"603\">y un toque de az\u00facar<\/p>\t\t\t\t\t\t\t\t<\/div>\n\t\t\t\t<div class=\"elementor-element elementor-element-9a3fd88 elementor-align-center elementor-widget elementor-widget-button\" data-id=\"9a3fd88\" data-element_type=\"widget\" data-e-type=\"widget\" data-widget_type=\"button.default\">\n\t\t\t\t\t\t\t\t\t\t<a class=\"elementor-button elementor-button-link elementor-size-sm elementor-animation-hang\" href=\"https:\/\/kalaxkadenda.com\/es\/produktuak\/\">\n\t\t\t\t\t\t<span class=\"elementor-button-content-wrapper\">\n\t\t\t\t\t\t\t\t\t<span class=\"elementor-button-text\">PRODUCTOS<\/span>\n\t\t\t\t\t<\/span>\n\t\t\t\t\t<\/a>\n\t\t\t\t\t\t\t\t<\/div>\n\t\t\t\t\t<\/div>\n\t\t<\/div>\n\t\t\t\t\t<\/div>\n\t\t<\/section>\n\t\t\t\t<\/div>","protected":false},"excerpt":{"rendered":"<p>Zure litxarreria, jostailu eta zoriontasun mundua. Guri buruz Gozoki Dendan, bi urte daramatzagu bihotzak alaitzen, gozotasun eta dibertimenduzko nahasketa jasanezin batekin. Jostailu eta gominola denda bat gara, eta haurrek zein helduek sinpletasunaren magiaz goza dezakete berriro. Litxarrerien, edarien eta jostailuen produkturik onenak eskaintzea maite dugu, beti maitasunez aukeratuak, kalitatea eta barietatea bermatzeko. Gure dendara egindako [&hellip;]<\/p>\n","protected":false},"author":1,"featured_media":0,"parent":0,"menu_order":0,"comment_status":"closed","ping_status":"closed","template":"elementor_canvas","meta":{"footnotes":""},"class_list":["post-10","page","type-page","status-publish","hentry"],"yoast_head":"<!-- This site is optimized with the Yoast SEO plugin v27.5 - https:\/\/yoast.com\/product\/yoast-seo-wordpress\/ -->\n<title>Hasiera - Kalaxka Denda<\/title>\n<meta name=\"robots\" content=\"index, follow, max-snippet:-1, max-image-preview:large, max-video-preview:-1\" \/>\n<link rel=\"canonical\" href=\"https:\/\/kalaxkadenda.com\/es\/\" \/>\n<meta property=\"og:locale\" content=\"es_ES\" \/>\n<meta property=\"og:type\" content=\"article\" \/>\n<meta property=\"og:title\" content=\"Hasiera - Kalaxka Denda\" \/>\n<meta property=\"og:description\" content=\"Zure litxarreria, jostailu eta zoriontasun mundua. Guri buruz Gozoki Dendan, bi urte daramatzagu bihotzak alaitzen, gozotasun eta dibertimenduzko nahasketa jasanezin batekin. Jostailu eta gominola denda bat gara, eta haurrek zein helduek sinpletasunaren magiaz goza dezakete berriro. Litxarrerien, edarien eta jostailuen produkturik onenak eskaintzea maite dugu, beti maitasunez aukeratuak, kalitatea eta barietatea bermatzeko. Gure dendara egindako [&hellip;]\" \/>\n<meta property=\"og:url\" content=\"https:\/\/kalaxkadenda.com\/es\/\" \/>\n<meta property=\"og:site_name\" content=\"Kalaxka Denda\" \/>\n<meta property=\"article:modified_time\" content=\"2025-11-19T14:59:49+00:00\" \/>\n<meta property=\"og:image\" content=\"https:\/\/kalaxkadenda.com\/wp-content\/uploads\/elementor\/thumbs\/5-reoxijj77yoho2ul7jw8z84su63q1dea0jo65h58n4.png\" \/>\n<meta name=\"twitter:card\" content=\"summary_large_image\" \/>\n<script type=\"application\/ld+json\" class=\"yoast-schema-graph\">{\"@context\":\"https:\\\/\\\/schema.org\",\"@graph\":[{\"@type\":\"WebPage\",\"@id\":\"https:\\\/\\\/kalaxkadenda.com\\\/\",\"url\":\"https:\\\/\\\/kalaxkadenda.com\\\/\",\"name\":\"Hasiera - Kalaxka Denda\",\"isPartOf\":{\"@id\":\"https:\\\/\\\/kalaxkadenda.com\\\/#website\"},\"primaryImageOfPage\":{\"@id\":\"https:\\\/\\\/kalaxkadenda.com\\\/#primaryimage\"},\"image\":{\"@id\":\"https:\\\/\\\/kalaxkadenda.com\\\/#primaryimage\"},\"thumbnailUrl\":\"https:\\\/\\\/kalaxkadenda.com\\\/wp-content\\\/uploads\\\/elementor\\\/thumbs\\\/5-reoxijj77yoho2ul7jw8z84su63q1dea0jo65h58n4.png\",\"datePublished\":\"2025-11-12T11:12:03+00:00\",\"dateModified\":\"2025-11-19T14:59:49+00:00\",\"breadcrumb\":{\"@id\":\"https:\\\/\\\/kalaxkadenda.com\\\/#breadcrumb\"},\"inLanguage\":\"es\",\"potentialAction\":[{\"@type\":\"ReadAction\",\"target\":[\"https:\\\/\\\/kalaxkadenda.com\\\/\"]}]},{\"@type\":\"ImageObject\",\"inLanguage\":\"es\",\"@id\":\"https:\\\/\\\/kalaxkadenda.com\\\/#primaryimage\",\"url\":\"https:\\\/\\\/kalaxkadenda.com\\\/wp-content\\\/uploads\\\/elementor\\\/thumbs\\\/5-reoxijj77yoho2ul7jw8z84su63q1dea0jo65h58n4.png\",\"contentUrl\":\"https:\\\/\\\/kalaxkadenda.com\\\/wp-content\\\/uploads\\\/elementor\\\/thumbs\\\/5-reoxijj77yoho2ul7jw8z84su63q1dea0jo65h58n4.png\"},{\"@type\":\"BreadcrumbList\",\"@id\":\"https:\\\/\\\/kalaxkadenda.com\\\/#breadcrumb\",\"itemListElement\":[{\"@type\":\"ListItem\",\"position\":1,\"name\":\"Portada\",\"item\":\"https:\\\/\\\/kalaxkadenda.com\\\/\"},{\"@type\":\"ListItem\",\"position\":2,\"name\":\"Hasiera\"}]},{\"@type\":\"WebSite\",\"@id\":\"https:\\\/\\\/kalaxkadenda.com\\\/#website\",\"url\":\"https:\\\/\\\/kalaxkadenda.com\\\/\",\"name\":\"Kalaxka Denda\",\"description\":\"Tienda de juguetes y gominolas\",\"publisher\":{\"@id\":\"https:\\\/\\\/kalaxkadenda.com\\\/#organization\"},\"potentialAction\":[{\"@type\":\"SearchAction\",\"target\":{\"@type\":\"EntryPoint\",\"urlTemplate\":\"https:\\\/\\\/kalaxkadenda.com\\\/?s={search_term_string}\"},\"query-input\":{\"@type\":\"PropertyValueSpecification\",\"valueRequired\":true,\"valueName\":\"search_term_string\"}}],\"inLanguage\":\"es\"},{\"@type\":\"Organization\",\"@id\":\"https:\\\/\\\/kalaxkadenda.com\\\/#organization\",\"name\":\"Kalaxka Denda\",\"url\":\"https:\\\/\\\/kalaxkadenda.com\\\/\",\"logo\":{\"@type\":\"ImageObject\",\"inLanguage\":\"es\",\"@id\":\"https:\\\/\\\/kalaxkadenda.com\\\/#\\\/schema\\\/logo\\\/image\\\/\",\"url\":\"https:\\\/\\\/kalaxkadenda.com\\\/wp-content\\\/uploads\\\/2025\\\/11\\\/cropped-Kalaxka-logo.jpg\",\"contentUrl\":\"https:\\\/\\\/kalaxkadenda.com\\\/wp-content\\\/uploads\\\/2025\\\/11\\\/cropped-Kalaxka-logo.jpg\",\"width\":1079,\"height\":739,\"caption\":\"Kalaxka Denda\"},\"image\":{\"@id\":\"https:\\\/\\\/kalaxkadenda.com\\\/#\\\/schema\\\/logo\\\/image\\\/\"}}]}<\/script>\n<!-- \/ Yoast SEO plugin. -->","yoast_head_json":{"title":"Hasiera - Kalaxka Denda","robots":{"index":"index","follow":"follow","max-snippet":"max-snippet:-1","max-image-preview":"max-image-preview:large","max-video-preview":"max-video-preview:-1"},"canonical":"https:\/\/kalaxkadenda.com\/es\/","og_locale":"es_ES","og_type":"article","og_title":"Hasiera - Kalaxka Denda","og_description":"Zure litxarreria, jostailu eta zoriontasun mundua. Guri buruz Gozoki Dendan, bi urte daramatzagu bihotzak alaitzen, gozotasun eta dibertimenduzko nahasketa jasanezin batekin. Jostailu eta gominola denda bat gara, eta haurrek zein helduek sinpletasunaren magiaz goza dezakete berriro. Litxarrerien, edarien eta jostailuen produkturik onenak eskaintzea maite dugu, beti maitasunez aukeratuak, kalitatea eta barietatea bermatzeko. Gure dendara egindako [&hellip;]","og_url":"https:\/\/kalaxkadenda.com\/es\/","og_site_name":"Kalaxka Denda","article_modified_time":"2025-11-19T14:59:49+00:00","og_image":[{"url":"https:\/\/kalaxkadenda.com\/wp-content\/uploads\/elementor\/thumbs\/5-reoxijj77yoho2ul7jw8z84su63q1dea0jo65h58n4.png","type":"","width":"","height":""}],"twitter_card":"summary_large_image","schema":{"@context":"https:\/\/schema.org","@graph":[{"@type":"WebPage","@id":"https:\/\/kalaxkadenda.com\/","url":"https:\/\/kalaxkadenda.com\/","name":"Hasiera - Kalaxka Denda","isPartOf":{"@id":"https:\/\/kalaxkadenda.com\/#website"},"primaryImageOfPage":{"@id":"https:\/\/kalaxkadenda.com\/#primaryimage"},"image":{"@id":"https:\/\/kalaxkadenda.com\/#primaryimage"},"thumbnailUrl":"https:\/\/kalaxkadenda.com\/wp-content\/uploads\/elementor\/thumbs\/5-reoxijj77yoho2ul7jw8z84su63q1dea0jo65h58n4.png","datePublished":"2025-11-12T11:12:03+00:00","dateModified":"2025-11-19T14:59:49+00:00","breadcrumb":{"@id":"https:\/\/kalaxkadenda.com\/#breadcrumb"},"inLanguage":"es","potentialAction":[{"@type":"ReadAction","target":["https:\/\/kalaxkadenda.com\/"]}]},{"@type":"ImageObject","inLanguage":"es","@id":"https:\/\/kalaxkadenda.com\/#primaryimage","url":"https:\/\/kalaxkadenda.com\/wp-content\/uploads\/elementor\/thumbs\/5-reoxijj77yoho2ul7jw8z84su63q1dea0jo65h58n4.png","contentUrl":"https:\/\/kalaxkadenda.com\/wp-content\/uploads\/elementor\/thumbs\/5-reoxijj77yoho2ul7jw8z84su63q1dea0jo65h58n4.png"},{"@type":"BreadcrumbList","@id":"https:\/\/kalaxkadenda.com\/#breadcrumb","itemListElement":[{"@type":"ListItem","position":1,"name":"Portada","item":"https:\/\/kalaxkadenda.com\/"},{"@type":"ListItem","position":2,"name":"Hasiera"}]},{"@type":"WebSite","@id":"https:\/\/kalaxkadenda.com\/#website","url":"https:\/\/kalaxkadenda.com\/","name":"Kalaxka Denda","description":"Tienda de juguetes y gominolas","publisher":{"@id":"https:\/\/kalaxkadenda.com\/#organization"},"potentialAction":[{"@type":"SearchAction","target":{"@type":"EntryPoint","urlTemplate":"https:\/\/kalaxkadenda.com\/?s={search_term_string}"},"query-input":{"@type":"PropertyValueSpecification","valueRequired":true,"valueName":"search_term_string"}}],"inLanguage":"es"},{"@type":"Organization","@id":"https:\/\/kalaxkadenda.com\/#organization","name":"Kalaxka Denda","url":"https:\/\/kalaxkadenda.com\/","logo":{"@type":"ImageObject","inLanguage":"es","@id":"https:\/\/kalaxkadenda.com\/#\/schema\/logo\/image\/","url":"https:\/\/kalaxkadenda.com\/wp-content\/uploads\/2025\/11\/cropped-Kalaxka-logo.jpg","contentUrl":"https:\/\/kalaxkadenda.com\/wp-content\/uploads\/2025\/11\/cropped-Kalaxka-logo.jpg","width":1079,"height":739,"caption":"Kalaxka Denda"},"image":{"@id":"https:\/\/kalaxkadenda.com\/#\/schema\/logo\/image\/"}}]}},"_links":{"self":[{"href":"https:\/\/kalaxkadenda.com\/es\/wp-json\/wp\/v2\/pages\/10","targetHints":{"allow":["GET"]}}],"collection":[{"href":"https:\/\/kalaxkadenda.com\/es\/wp-json\/wp\/v2\/pages"}],"about":[{"href":"https:\/\/kalaxkadenda.com\/es\/wp-json\/wp\/v2\/types\/page"}],"author":[{"embeddable":true,"href":"https:\/\/kalaxkadenda.com\/es\/wp-json\/wp\/v2\/users\/1"}],"replies":[{"embeddable":true,"href":"https:\/\/kalaxkadenda.com\/es\/wp-json\/wp\/v2\/comments?post=10"}],"version-history":[{"count":281,"href":"https:\/\/kalaxkadenda.com\/es\/wp-json\/wp\/v2\/pages\/10\/revisions"}],"predecessor-version":[{"id":510,"href":"https:\/\/kalaxkadenda.com\/es\/wp-json\/wp\/v2\/pages\/10\/revisions\/510"}],"wp:attachment":[{"href":"https:\/\/kalaxkadenda.com\/es\/wp-json\/wp\/v2\/media?parent=10"}],"curies":[{"name":"wp","href":"https:\/\/api.w.org\/{rel}","templated":true}]}}